{"id":16132,"date":"2021-07-06T11:02:00","date_gmt":"2021-07-06T09:02:00","guid":{"rendered":"https:\/\/herolab-usd.formwandler.rocks\/unsere-experten\/"},"modified":"2025-09-05T17:09:32","modified_gmt":"2025-09-05T15:09:32","slug":"our-analysts","status":"publish","type":"page","link":"https:\/\/herolab.usd.de\/en\/our-analysts\/","title":{"rendered":"Our Analysts"},"content":{"rendered":"<p>[et_pb_section fb_built=\"1\" _builder_version=\"4.16\" _module_preset=\"default\" background_image=\"https:\/\/herolab.usd.de\/wp-content\/uploads\/sites\/9\/2021\/07\/usd-herolab-header-experten.jpg\" custom_padding=\"83px||83px||true|false\" global_colors_info=\"{}\"][et_pb_row _builder_version=\"4.16\" _module_preset=\"default\" global_colors_info=\"{}\"][et_pb_column type=\"4_4\" _builder_version=\"4.16\" _module_preset=\"default\" global_colors_info=\"{}\"][et_pb_text _builder_version=\"4.27.4\" _module_preset=\"default\" header_text_color=\"#86CCCF\" global_colors_info=\"{}\"]<\/p>\n<h1>Our Analysts<\/h1>\n<p>[\/et_pb_text][\/et_pb_column][\/et_pb_row][\/et_pb_section][et_pb_section fb_built=\"1\" _builder_version=\"4.16\" _module_preset=\"default\" background_color=\"#2E353D\" global_colors_info=\"{}\"][et_pb_row _builder_version=\"4.16\" _module_preset=\"default\" global_colors_info=\"{}\"][et_pb_column type=\"4_4\" _builder_version=\"4.16\" _module_preset=\"default\" global_colors_info=\"{}\"][et_pb_slider _builder_version=\"4.27.4\" _module_preset=\"default\" global_colors_info=\"{}\"][et_pb_slide image=\"https:\/\/herolab.usd.de\/wp-content\/uploads\/sites\/9\/2021\/07\/kontakt-sn.jpg\" _builder_version=\"4.27.4\" _module_preset=\"default\" global_colors_info=\"{}\" sticky_transition=\"on\"]<\/p>\n<p><strong>Stephan Neumann<\/strong><br \/>Head of usd HeroLab<\/p>\n<p>\u201cmore security\u201d is a really broad field. On the one hand, the HeroLab provides more security by running pentests on IT infrastructures and applications. On the other hand, we share our knowledge with our customers and the community in training courses so they can avoid potential vulnerabilities in the first place.\u201c<\/p>\n<p>[\/et_pb_slide][et_pb_slide image=\"https:\/\/herolab.usd.de\/wp-content\/uploads\/sites\/9\/2022\/12\/Matthias-Goehring-1_PPT-Kontakt.jpg\" _builder_version=\"4.27.4\" _module_preset=\"default\" global_colors_info=\"{}\" sticky_transition=\"on\"]<\/p>\n<p><strong>Matthias G\u00f6hring<\/strong><br \/>Head of usd HeroLab, Member of Executive Board at usd AG<\/p>\n<p>\u201cWe protect companies against hackers and criminals by identifying vulnerabilities before others do. With our technical security analyses - above all pentests - we bear a high level of responsibility. We can only live up to this responsibility by investing in excellent training and further education for our analysts as well as in standardization and automation with our pentesting toolchain. A team is more than the sum of its parts - that's why I'm proud of usd HeroLab.\u201d<\/p>\n<p>[\/et_pb_slide][et_pb_slide image=\"https:\/\/herolab.usd.de\/wp-content\/uploads\/sites\/9\/2022\/12\/Ca-Way-Le_PPT-Kontakt.jpg\" _builder_version=\"4.27.4\" _module_preset=\"default\" global_colors_info=\"{}\" sticky_transition=\"on\"]<\/p>\n<p><strong>Ca Way Le<\/strong><br \/>Managing Consultant<\/p>\n<p>\u201cA pentest is just the beginning of any IT Security project. In order to provide our customers with the best possible support, we rely on excellent technical skills as well as our strong consulting competencies. To win more experts for the mission we fight for every day, we put a lot of effort in our internal training program. Every day I enjoy seeing how each member contributes to our team with their individual strengths and new ideas.\u201d<\/p>\n<p>[\/et_pb_slide][et_pb_slide image=\"https:\/\/herolab.usd.de\/wp-content\/uploads\/sites\/9\/2022\/12\/herolab-kontakt-k-s.jpg\" _builder_version=\"4.27.4\" _module_preset=\"default\" global_colors_info=\"{}\" sticky_transition=\"on\"]<\/p>\n<p><strong>Konstantin Samuel<\/strong><br \/>Managing Consultant<\/p>\n<p>\u201cOur broad pentest portfolio enables us to conduct security analyses in a tailored and comprehensive manner. In doing so, we place high professional demands on ourselves and our work and always keep track of current vulnerabilities and attack vectors. A trusting and individual relationship with our customers is important to us - just as it is within our team.\u201d<\/p>\n<p>[\/et_pb_slide][et_pb_slide image=\"https:\/\/herolab.usd.de\/wp-content\/uploads\/sites\/9\/2023\/01\/herolab-kontakt-c-t.jpg\" _builder_version=\"4.27.4\" _module_preset=\"default\" global_colors_info=\"{}\" sticky_transition=\"on\"]<\/p>\n<p><strong>Caroline Trusheim<\/strong><br \/>Head of usd Pentest Service Management<\/p>\n<p>\u201cTechnical security analyses are highly individual projects that can quickly become a complex challenge. This is where we as Pentest Service Management step in: Combining simple processes with the collective expertise of HeroLab, we support our customers efficiently in planning, organizing and following up on their security analyses. For a positive customer experience on the way to more security.\u201d<\/p>\n<p>[\/et_pb_slide][et_pb_slide image=\"https:\/\/herolab.usd.de\/wp-content\/uploads\/sites\/9\/2023\/11\/Tim-Kranz_PPT-Kontakt.jpg\" _builder_version=\"4.27.4\" _module_preset=\"default\" global_colors_info=\"{}\" sticky_transition=\"on\"]<\/p>\n<p><strong>Tim Kranz<\/strong><br \/>Managing Consultant<\/p>\n<p>\u201cWe are constantly developing our range of services so that we can also respond optimally to very specific requirements of our customers. I am committed to implementing the wishes of our customers as precisely as possible. In order to maintain a constantly high quality, I see myself as <span>connection <\/span>between customer requirements and the development of our usd toolchain.\u201d<\/p>\n<p>[\/et_pb_slide][et_pb_slide image=\"https:\/\/herolab.usd.de\/wp-content\/uploads\/sites\/9\/2023\/11\/Daniel-Heyne-1_PPT-Kontakt.jpg\" _builder_version=\"4.23.1\" _module_preset=\"default\" global_colors_info=\"{}\" sticky_transition=\"on\"]<\/p>\n<p><strong>Daniel Heyne<\/strong><br \/>usd Team Lead Sales, Managing Consultant, Member of usd HeroLab Steering Circle<\/p>\n<p>\u201cWe provide a broad portfolio of excellent solutions in the context of our mission \"more security\". However, it is sometimes not easy for our customers to figure out what will bring them the greatest added value in a specific situation. This is where we kick in from a sales perspective and provide advice at the highest professional level even before the actual order is placed - because this is the best way we can lay the foundation for successful projects.\u201d<\/p>\n<p>[\/et_pb_slide][et_pb_slide image=\"https:\/\/herolab.usd.de\/wp-content\/uploads\/sites\/9\/2021\/07\/herolab-kontakt-m-r.jpg\" _builder_version=\"4.27.4\" _module_preset=\"default\" global_colors_info=\"{}\" sticky_transition=\"on\"]<\/p>\n<p><strong>Markus Ritter<\/strong><br \/>Managing Consultant<\/p>\n<p>\u201cNo single expert can satisfy the complex requirements of our clients alone. We can only achieve good results for our clients and keep improving as HeroLab and as usd if we truly come together and work as a team.\u201d<\/p>\n<p>[\/et_pb_slide][\/et_pb_slider][\/et_pb_column][\/et_pb_row][et_pb_row _builder_version=\"4.16\" _module_preset=\"default\" custom_margin=\"|auto|55px|auto||\" global_colors_info=\"{}\"][et_pb_column type=\"4_4\" _builder_version=\"4.16\" _module_preset=\"default\" global_colors_info=\"{}\"][et_pb_text _builder_version=\"4.20.2\" _module_preset=\"default\" global_colors_info=\"{}\"]<\/p>\n<p>Our team of highly qualified security analysts are certified according to internationally recorgnized standards and have extensive experience working in international projects. Pen tests, code reviews, security scans and bug bounty services are some of our focus fields. Each team member is committed to the<span>\u00a0<\/span><a href=\"\/en\/code-of-ethics\/\">Code of Ethics<\/a>, undergoes continuous training and specializes in an expert field. This way we combine our expertise in different subdisciplines of IT security. Together with our Pentest Service Management Team, we guarantee you managed security services from a single source \u2013 integrated into your organization.<\/p>\n<p>Our security experts are certified according to \u201c<a href=\"\/en\/the-way-we-work\/#ucp\">usd HeroLab Certified Professional<\/a>\u201d, Security Clearance Check Act (\u00a7 9 S\u00dcG) and internationally recorgnized standards, including:<\/p>\n<p>[\/et_pb_text][\/et_pb_column][\/et_pb_row][et_pb_row column_structure=\"1_6,1_6,1_6,1_6,1_6,1_6\" _builder_version=\"4.27.4\" _module_preset=\"default\" global_colors_info=\"{}\"][et_pb_column type=\"1_6\" _builder_version=\"4.27.4\" _module_preset=\"default\" global_colors_info=\"{}\"][et_pb_image src=\"https:\/\/herolab.usd.de\/wp-content\/uploads\/sites\/9\/2025\/09\/OSCP.png\" title_text=\"OSCP\" _builder_version=\"4.27.4\" _module_preset=\"default\" global_colors_info=\"{}\"][\/et_pb_image][et_pb_text _builder_version=\"4.27.4\" _module_preset=\"default\" global_colors_info=\"{}\"]<\/p>\n<p>Offensive Security Certified Professional<\/p>\n<p>[\/et_pb_text][\/et_pb_column][et_pb_column type=\"1_6\" _builder_version=\"4.27.4\" _module_preset=\"default\" global_colors_info=\"{}\"][et_pb_image src=\"https:\/\/herolab.usd.de\/wp-content\/uploads\/sites\/9\/2025\/09\/OSWE.png\" title_text=\"OSWE\" _builder_version=\"4.27.4\" _module_preset=\"default\" global_colors_info=\"{}\"][\/et_pb_image][et_pb_text _builder_version=\"4.27.4\" _module_preset=\"default\" global_colors_info=\"{}\"]<\/p>\n<p><span>Offensive Security Web Expert<\/span><\/p>\n<p>[\/et_pb_text][\/et_pb_column][et_pb_column type=\"1_6\" _builder_version=\"4.27.4\" _module_preset=\"default\" global_colors_info=\"{}\"][et_pb_image src=\"https:\/\/herolab.usd.de\/wp-content\/uploads\/sites\/9\/2025\/09\/OSEP.png\" title_text=\"OSEP\" _builder_version=\"4.27.4\" _module_preset=\"default\" global_colors_info=\"{}\"][\/et_pb_image][et_pb_text _builder_version=\"4.27.4\" _module_preset=\"default\" global_colors_info=\"{}\"]<\/p>\n<p><span>Offensive Security Experienced Penetration Tester<\/span><\/p>\n<p>[\/et_pb_text][\/et_pb_column][et_pb_column type=\"1_6\" _builder_version=\"4.27.4\" _module_preset=\"default\" global_colors_info=\"{}\"][et_pb_image src=\"https:\/\/herolab.usd.de\/wp-content\/uploads\/sites\/9\/2025\/09\/OSCE.png\" title_text=\"OSCE\" _builder_version=\"4.27.4\" _module_preset=\"default\" global_colors_info=\"{}\"][\/et_pb_image][et_pb_text _builder_version=\"4.27.4\" _module_preset=\"default\" global_colors_info=\"{}\"]<\/p>\n<p><span>Offensive Security Certified Expert<\/span><\/p>\n<p>[\/et_pb_text][\/et_pb_column][et_pb_column type=\"1_6\" _builder_version=\"4.27.4\" _module_preset=\"default\" global_colors_info=\"{}\"][et_pb_image src=\"https:\/\/herolab.usd.de\/wp-content\/uploads\/sites\/9\/2025\/09\/CRTO.png\" title_text=\"CRTO\" _builder_version=\"4.27.4\" _module_preset=\"default\" global_colors_info=\"{}\"][\/et_pb_image][et_pb_text _builder_version=\"4.27.4\" _module_preset=\"default\" global_colors_info=\"{}\"]<\/p>\n<p><span>Certified Red Team Operator<\/span><\/p>\n<p>[\/et_pb_text][\/et_pb_column][et_pb_column type=\"1_6\" _builder_version=\"4.27.4\" _module_preset=\"default\" global_colors_info=\"{}\"][et_pb_image src=\"https:\/\/herolab.usd.de\/wp-content\/uploads\/sites\/9\/2025\/09\/CRTL.png\" title_text=\"CRTL\" _builder_version=\"4.27.4\" _module_preset=\"default\" hover_enabled=\"0\" global_colors_info=\"{}\" sticky_enabled=\"0\"][\/et_pb_image][et_pb_text _builder_version=\"4.27.4\" _module_preset=\"default\" hover_enabled=\"0\" global_colors_info=\"{}\" sticky_enabled=\"0\"]<\/p>\n<p><span>Certified Red Team Lead<\/span><\/p>\n<p>[\/et_pb_text][\/et_pb_column][\/et_pb_row][et_pb_row column_structure=\"1_6,1_6,1_6,1_6,1_6,1_6\" _builder_version=\"4.27.4\" _module_preset=\"default\" global_colors_info=\"{}\"][et_pb_column type=\"1_6\" _builder_version=\"4.27.4\" _module_preset=\"default\" global_colors_info=\"{}\"][et_pb_image src=\"https:\/\/herolab.usd.de\/wp-content\/uploads\/sites\/9\/2025\/09\/SANS-FOR508.png\" title_text=\"SANS FOR508\" _builder_version=\"4.27.4\" _module_preset=\"default\" hover_enabled=\"0\" global_colors_info=\"{}\" sticky_enabled=\"0\"][\/et_pb_image][et_pb_text _builder_version=\"4.27.4\" _module_preset=\"default\" hover_enabled=\"0\" global_colors_info=\"{}\" sticky_enabled=\"0\"]<\/p>\n<p><span>SANS FOR508, Advanced Incident Response, Threat Hunting and Digital Forensics<\/span><\/p>\n<p>[\/et_pb_text][\/et_pb_column][et_pb_column type=\"1_6\" _builder_version=\"4.27.4\" _module_preset=\"default\" global_colors_info=\"{}\"][et_pb_image src=\"https:\/\/herolab.usd.de\/wp-content\/uploads\/sites\/9\/2025\/09\/PNPT.png\" title_text=\"PNPT\" _builder_version=\"4.27.4\" _module_preset=\"default\" global_colors_info=\"{}\"][\/et_pb_image][et_pb_text _builder_version=\"4.27.4\" _module_preset=\"default\" global_colors_info=\"{}\"]<\/p>\n<p><span>Practical Network Penetration Tester<\/span><\/p>\n<p>[\/et_pb_text][\/et_pb_column][et_pb_column type=\"1_6\" _builder_version=\"4.27.4\" _module_preset=\"default\" global_colors_info=\"{}\"][et_pb_image src=\"https:\/\/herolab.usd.de\/wp-content\/uploads\/sites\/9\/2025\/09\/Burp-Suite-Certified-Practitioner.svg\" _builder_version=\"4.27.4\" _module_preset=\"default\" title_text=\"Burp Suite Certified Practitioner\" width=\"100%\" hover_enabled=\"0\" sticky_enabled=\"0\"][\/et_pb_image][et_pb_text _builder_version=\"4.27.4\" _module_preset=\"default\" hover_enabled=\"0\" global_colors_info=\"{}\" sticky_enabled=\"0\"]<\/p>\n<p><span>Burp Suite Certified Practitioner<\/span><\/p>\n<p>[\/et_pb_text][\/et_pb_column][et_pb_column type=\"1_6\" _builder_version=\"4.27.4\" _module_preset=\"default\" global_colors_info=\"{}\"][et_pb_image src=\"https:\/\/herolab.usd.de\/wp-content\/uploads\/sites\/9\/2025\/09\/CEH.png\" title_text=\"CEH\" _builder_version=\"4.27.4\" _module_preset=\"default\" hover_enabled=\"0\" global_colors_info=\"{}\" width=\"81%\" sticky_enabled=\"0\"][\/et_pb_image][et_pb_text _builder_version=\"4.27.4\" _module_preset=\"default\" global_colors_info=\"{}\" custom_margin=\"15px||||false|false\"]<\/p>\n<p><span>Certified Ethical Hacker<\/span><\/p>\n<p>[\/et_pb_text][\/et_pb_column][et_pb_column type=\"1_6\" _builder_version=\"4.27.4\" _module_preset=\"default\" global_colors_info=\"{}\"][et_pb_image src=\"https:\/\/herolab.usd.de\/wp-content\/uploads\/sites\/9\/2025\/09\/Icon-HeroLab-Zertifikat.png\" title_text=\"Icon-HeroLab-Zertifikat\" _builder_version=\"4.27.4\" _module_preset=\"default\" hover_enabled=\"0\" global_colors_info=\"{}\" custom_margin=\"10px||||false|false\" custom_padding=\"10px||||false|false\" sticky_enabled=\"0\"][\/et_pb_image][et_pb_text _builder_version=\"4.27.4\" _module_preset=\"default\" global_colors_info=\"{}\"]<\/p>\n<p><span>Enhanced Security Clearance \u00dc2 (according to the German Sicherheits- \u00fcberpr\u00fcfungs- gesetz (S\u00dcG))<\/span><\/p>\n<p>[\/et_pb_text][\/et_pb_column][et_pb_column type=\"1_6\" _builder_version=\"4.27.4\" _module_preset=\"default\" global_colors_info=\"{}\"][et_pb_image src=\"https:\/\/herolab.usd.de\/wp-content\/uploads\/sites\/9\/2025\/09\/Icon-HeroLab-Zertifikat.png\" title_text=\"Icon-HeroLab-Zertifikat\" _builder_version=\"4.27.4\" _module_preset=\"default\" hover_enabled=\"0\" global_colors_info=\"{}\" custom_margin=\"10px||||false|false\" custom_padding=\"10px||||false|false\" sticky_enabled=\"0\"][\/et_pb_image][et_pb_text _builder_version=\"4.27.4\" _module_preset=\"default\" hover_enabled=\"0\" global_colors_info=\"{}\" sticky_enabled=\"0\"]<\/p>\n<p><span>BSI Incident Practitioner<\/span><\/p>\n<p>[\/et_pb_text][\/et_pb_column][\/et_pb_row][et_pb_row column_structure=\"1_6,1_6,1_6,1_6,1_6,1_6\" _builder_version=\"4.27.4\" _module_preset=\"default\" global_colors_info=\"{}\"][et_pb_column type=\"1_6\" _builder_version=\"4.27.4\" _module_preset=\"default\" global_colors_info=\"{}\"][et_pb_image src=\"https:\/\/herolab.usd.de\/wp-content\/uploads\/sites\/9\/2025\/09\/cisa_logo_rgb-scaled.png\" title_text=\"cisa_logo_rgb\" _builder_version=\"4.27.4\" _module_preset=\"default\" background_color=\"#FFFFFF\" custom_padding=\"30px|5px|30px|5px|false|false\" global_colors_info=\"{}\"][\/et_pb_image][et_pb_text _builder_version=\"4.27.4\" _module_preset=\"default\" global_colors_info=\"{}\"]<\/p>\n<p><span>Certified Information Systems Auditor<\/span><\/p>\n<p>[\/et_pb_text][\/et_pb_column][et_pb_column type=\"1_6\" _builder_version=\"4.27.4\" _module_preset=\"default\" global_colors_info=\"{}\"][et_pb_image src=\"https:\/\/herolab.usd.de\/wp-content\/uploads\/sites\/9\/2025\/09\/CISSP.png\" _builder_version=\"4.27.4\" _module_preset=\"default\" title_text=\"CISSP\" background_color=\"#FFFFFF\" hover_enabled=\"0\" sticky_enabled=\"0\"][\/et_pb_image][et_pb_text _builder_version=\"4.27.4\" _module_preset=\"default\" hover_enabled=\"0\" global_colors_info=\"{}\" sticky_enabled=\"0\"]<\/p>\n<p><span>Certified Information Systems Security Professional<\/span><\/p>\n<p>[\/et_pb_text][\/et_pb_column][et_pb_column type=\"1_6\" _builder_version=\"4.27.4\" _module_preset=\"default\" global_colors_info=\"{}\"][et_pb_image src=\"https:\/\/herolab.usd.de\/wp-content\/uploads\/sites\/9\/2025\/09\/CCSP.png\" _builder_version=\"4.27.4\" _module_preset=\"default\" title_text=\"CCSP\" background_color=\"#FFFFFF\" hover_enabled=\"0\" sticky_enabled=\"0\"][\/et_pb_image][et_pb_text _builder_version=\"4.27.4\" _module_preset=\"default\" hover_enabled=\"0\" global_colors_info=\"{}\" sticky_enabled=\"0\"]<\/p>\n<p><span>Certified Cloud Security Professional<\/span><\/p>\n<p>[\/et_pb_text][\/et_pb_column][et_pb_column type=\"1_6\" _builder_version=\"4.27.4\" _module_preset=\"default\" global_colors_info=\"{}\"][et_pb_image src=\"https:\/\/herolab.usd.de\/wp-content\/uploads\/sites\/9\/2025\/09\/ASV-150dpi.png\" title_text=\"ASV 150dpi\" _builder_version=\"4.27.4\" _module_preset=\"default\" background_color=\"#FFFFFF\" custom_padding=\"15px|5px|15px|5px|false|false\" global_colors_info=\"{}\"][\/et_pb_image][et_pb_text _builder_version=\"4.27.4\" _module_preset=\"default\" global_colors_info=\"{}\"]<\/p>\n<p><span>Approved Scanning Vendor (ASV)<\/span><\/p>\n<p>[\/et_pb_text][\/et_pb_column][et_pb_column type=\"1_6\" _builder_version=\"4.27.4\" _module_preset=\"default\" global_colors_info=\"{}\"][et_pb_image src=\"https:\/\/herolab.usd.de\/wp-content\/uploads\/sites\/9\/2025\/09\/ITIL.png\" title_text=\"ITIL\" _builder_version=\"4.27.4\" _module_preset=\"default\" global_colors_info=\"{}\"][\/et_pb_image][et_pb_text _builder_version=\"4.27.4\" _module_preset=\"default\" global_colors_info=\"{}\"]<\/p>\n<p><span>IT Infrastructure Library<\/span><\/p>\n<p>[\/et_pb_text][\/et_pb_column][et_pb_column type=\"1_6\" _builder_version=\"4.27.4\" _module_preset=\"default\" global_colors_info=\"{}\"][et_pb_image src=\"https:\/\/herolab.usd.de\/wp-content\/uploads\/sites\/9\/2025\/09\/usd-HeroLab-Badge-UCP-150dpi.png\" _builder_version=\"4.27.4\" _module_preset=\"default\" title_text=\"usd HeroLab Badge UCP 150dpi\" hover_enabled=\"0\" sticky_enabled=\"0\"][\/et_pb_image][et_pb_text _builder_version=\"4.27.4\" _module_preset=\"default\" hover_enabled=\"0\" global_colors_info=\"{}\" sticky_enabled=\"0\"]<\/p>\n<p><span>usd HeroLab Certified Professional<\/span><\/p>\n<p>[\/et_pb_text][\/et_pb_column][\/et_pb_row][\/et_pb_section]<\/p>\n","protected":false},"excerpt":{"rendered":"<p>Our AnalystsStephan NeumannHead of usd HeroLab \u201cmore security\u201d is a really broad field. On the one hand, the HeroLab provides more security by running pentests on IT infrastructures and applications. On the other hand, we share our knowledge with our customers and the community in training courses so they can avoid potential vulnerabilities in the [&hellip;]<\/p>\n","protected":false},"author":96,"featured_media":0,"parent":0,"menu_order":0,"comment_status":"closed","ping_status":"closed","template":"","meta":{"_et_pb_use_builder":"on","_et_pb_old_content":"","_et_gb_content_width":"","inline_featured_image":false,"footnotes":""},"class_list":["post-16132","page","type-page","status-publish","hentry"],"_links":{"self":[{"href":"https:\/\/herolab.usd.de\/en\/wp-json\/wp\/v2\/pages\/16132","targetHints":{"allow":["GET"]}}],"collection":[{"href":"https:\/\/herolab.usd.de\/en\/wp-json\/wp\/v2\/pages"}],"about":[{"href":"https:\/\/herolab.usd.de\/en\/wp-json\/wp\/v2\/types\/page"}],"author":[{"embeddable":true,"href":"https:\/\/herolab.usd.de\/en\/wp-json\/wp\/v2\/users\/96"}],"replies":[{"embeddable":true,"href":"https:\/\/herolab.usd.de\/en\/wp-json\/wp\/v2\/comments?post=16132"}],"version-history":[{"count":5,"href":"https:\/\/herolab.usd.de\/en\/wp-json\/wp\/v2\/pages\/16132\/revisions"}],"predecessor-version":[{"id":24514,"href":"https:\/\/herolab.usd.de\/en\/wp-json\/wp\/v2\/pages\/16132\/revisions\/24514"}],"wp:attachment":[{"href":"https:\/\/herolab.usd.de\/en\/wp-json\/wp\/v2\/media?parent=16132"}],"curies":[{"name":"wp","href":"https:\/\/api.w.org\/{rel}","templated":true}]}}